{"id":283,"date":"2025-10-08T02:12:18","date_gmt":"2025-10-08T06:12:18","guid":{"rendered":"https:\/\/pleenglish.com\/about\/"},"modified":"2026-04-16T22:16:42","modified_gmt":"2026-04-17T02:16:42","slug":"about","status":"publish","type":"page","link":"https:\/\/pleenglish.com\/fr\/about\/","title":{"rendered":"About PLE"},"content":{"rendered":"<div class=\"wp-block-uagb-container uagb-block-f4cac5e5 alignfull uagb-is-root-container\"><div class=\"uagb-container-inner-blocks-wrap\">\n<div class=\"wp-block-uagb-container uagb-layout-grid uagb-block-caeb4ff4\">\n<div class=\"wp-block-uagb-advanced-heading uagb-block-c6ce6e0e\"><h2 class=\"uagb-heading-text\">\u00c0 propos ..<\/h2><p class=\"uagb-desc-text\">Nous sommes un&nbsp;<strong>institut de langues sp\u00e9cialis\u00e9<\/strong>&nbsp;avec c\u0153ur et d\u00e9termination. Fond\u00e9e en 2014 par <strong>Julie Suk,<\/strong> PLE a \u00e9t\u00e9 cr\u00e9\u00e9 pour remettre en question le mod\u00e8le traditionnel et impersonnel de l'apprentissage des langues en proposant une approche plus humaine, engageante et efficace. Nous avons identifi\u00e9 les difficult\u00e9s les plus importantes rencontr\u00e9es par nos \u00e9tudiants et avons cr\u00e9\u00e9 des solutions concr\u00e8tes. Nous nous appuyons sur les m\u00e9thodes qui ont \u00e9t\u00e9 test\u00e9es et \u00e9prouv\u00e9es au fil des ann\u00e9es pour aider nos \u00e9tudiants.&nbsp;<strong>Apprenez plus intelligemment, plus rapidement et en toute confiance.<\/strong>.<\/p><\/div>\n\n\n\n<div class=\"wp-block-uagb-container uagb-block-4ba6f509\">\n<div class=\"wp-block-uagb-image uagb-block-df33d970 wp-block-uagb-image--layout-default wp-block-uagb-image--effect-static wp-block-uagb-image--align-none\"><figure class=\"wp-block-uagb-image__figure\"><img decoding=\"async\" srcset=\"https:\/\/pleenglish.com\/wp-content\/uploads\/2025\/10\/pexels-iamloe-700974-1-scaled.jpg ,https:\/\/pleenglish.com\/wp-content\/uploads\/2025\/10\/pexels-iamloe-700974-1-scaled.jpg 780w, https:\/\/pleenglish.com\/wp-content\/uploads\/2025\/10\/pexels-iamloe-700974-1-scaled.jpg 360w\" sizes=\"auto, (max-width: 480px) 150px\" src=\"https:\/\/pleenglish.com\/wp-content\/uploads\/2025\/10\/pexels-iamloe-700974-1-scaled.jpg\" alt=\"Pexels Iamloe 700974 1 Scaled\" class=\"uag-image-1092\" width=\"500\" height=\"500\" title=\"my-path\" loading=\"lazy\" role=\"img\"><\/figure><\/div>\n<\/div>\n<\/div>\n\n\n\n<div class=\"wp-block-uagb-container uagb-layout-grid uagb-block-45c0f6ea\">\n<div class=\"wp-block-uagb-container uagb-block-9278234d\">\n<div class=\"wp-block-uagb-image uagb-block-b24b69ef wp-block-uagb-image--layout-default wp-block-uagb-image--effect-static wp-block-uagb-image--align-none\"><figure class=\"wp-block-uagb-image__figure\"><img decoding=\"async\" srcset=\"https:\/\/pleenglish.com\/wp-content\/uploads\/2025\/10\/pexels-photo-355952-355952-1024x712.jpg ,https:\/\/pleenglish.com\/wp-content\/uploads\/2025\/10\/pexels-photo-355952-355952.jpg 780w, https:\/\/pleenglish.com\/wp-content\/uploads\/2025\/10\/pexels-photo-355952-355952.jpg 360w\" sizes=\"auto, (max-width: 480px) 150px\" src=\"https:\/\/pleenglish.com\/wp-content\/uploads\/2025\/10\/pexels-photo-355952-355952-1024x712.jpg\" alt=\"Light bulb laying on chalkboard with drawn thought bubble, symbolizing creative ideas.\" class=\"uag-image-1299\" width=\"500\" height=\"540\" title=\"pexels photo 355952 355952\" loading=\"lazy\" role=\"img\"\/><\/figure><\/div>\n<\/div>\n\n\n\n<div class=\"wp-block-uagb-container uagb-block-06b03931\">\n<div class=\"wp-block-uagb-advanced-heading uagb-block-5f894df4\"><h2 class=\"uagb-heading-text\">Notre expertise<\/h2><p class=\"uagb-desc-text\"><strong>D\u00e9couvrez comment notre approche strat\u00e9gique et notre \u00e9quipe exp\u00e9riment\u00e9e peuvent amener vos comp\u00e9tences en communication vers de nouveaux sommets <\/strong><\/p><\/div>\n\n\n\n<div class=\"wp-block-uagb-advanced-heading uagb-block-ccef11b4\"><p class=\"uagb-heading-text\">Programmes sur mesure<\/p><p class=\"uagb-desc-text\">Nous concevons des cours et des ateliers de langues personnalis\u00e9s qui correspondent \u00e0 vos besoins et objectifs sp\u00e9cifiques.<\/p><div class=\"uagb-separator\"><\/div><\/div>\n\n\n\n<div class=\"wp-block-uagb-advanced-heading uagb-block-1ffd2dae\"><p class=\"uagb-heading-text\">Enseignants\/Coachs exp\u00e9riment\u00e9s <\/p><p class=\"uagb-desc-text\">Tous nos enseignants sont qualifi\u00e9s et dynamiques. Ils apportent des ann\u00e9es d\u2019exp\u00e9rience dans le domaine et veillent \u00e0 ce que les cours soient pertinents et directement adapt\u00e9s \u00e0 des situations r\u00e9elles.<\/p><div class=\"uagb-separator\"><\/div><\/div>\n\n\n\n<div class=\"wp-block-uagb-advanced-heading uagb-block-5aca9dee\"><p class=\"uagb-heading-text\">M\u00e9thodes d'enseignement pratiques<\/p><p class=\"uagb-desc-text\">Nous utilisons des outils pratiques, inspir\u00e9s des principes de la PNL et des neurosciences, pour enrichir l\u2019apprentissage gr\u00e2ce \u00e0 des techniques d\u2019enseignement concr\u00e8tes qui favorisent la participation active et la r\u00e9tention. Cette approche rend l\u2019apprentissage \u00e0 la fois efficace et agr\u00e9able.<\/p><\/div>\n<\/div>\n<\/div>\n<\/div><\/div>\n\n\n\n<div class=\"wp-block-uagb-container uagb-block-vyufrydx alignfull uagb-is-root-container\"><div class=\"uagb-container-inner-blocks-wrap\">\n<div class=\"wp-block-uagb-container uagb-block-s3zmdhon\">\n<div class=\"wp-block-uagb-container uagb-block-tnaanz6l\">\n<div class=\"wp-block-uagb-image aligncenter uagb-block-ulwywnfv wp-block-uagb-image--layout-default wp-block-uagb-image--effect-static wp-block-uagb-image--align-center\"><figure class=\"wp-block-uagb-image__figure\"><img decoding=\"async\" srcset=\"https:\/\/pleenglish.com\/wp-content\/uploads\/2026\/04\/Image-2026-04-16-at-10.13-PM.png ,https:\/\/pleenglish.com\/wp-content\/uploads\/2026\/04\/Image-2026-04-16-at-10.13-PM.png 780w, https:\/\/pleenglish.com\/wp-content\/uploads\/2026\/04\/Image-2026-04-16-at-10.13-PM.png 360w\" sizes=\"auto, (max-width: 480px) 150px\" src=\"https:\/\/pleenglish.com\/wp-content\/uploads\/2026\/04\/Image-2026-04-16-at-10.13-PM.png\" alt=\"image 2026 04 16 at 10.13\u202fpm\" class=\"uag-image-1675\" width=\"365\" height=\"368\" title=\"image 2026 04 16 at 10.13\u202fpm\" loading=\"lazy\" role=\"img\"\/><\/figure><\/div>\n\n\n\n<div class=\"wp-block-uagb-info-box uagb-block-9i5mm6wi uagb-infobox__content-wrap  uagb-infobox-icon-above-title uagb-infobox-image-valign-top wp-block-uagb-info-box--has-margin\"><div class=\"uagb-infobox-margin-wrapper\"><div class=\"uagb-ifb-content\"><div class=\"uagb-ifb-title-wrap\"><p class=\"uagb-ifb-title\">Julie Suk<\/p><\/div><p class=\"uagb-ifb-desc\">Directrice et coach linguistique<\/p><\/div><\/div><\/div>\n<\/div>\n\n\n\n<div class=\"wp-block-uagb-container uagb-block-9r74kwo3\">\n<div class=\"wp-block-uagb-image aligncenter uagb-block-xuqu8l0l wp-block-uagb-image--layout-default wp-block-uagb-image--effect-static wp-block-uagb-image--align-center\"><figure class=\"wp-block-uagb-image__figure\"><img decoding=\"async\" srcset=\"https:\/\/pleenglish.com\/wp-content\/uploads\/2025\/10\/Tracy-edited.png ,https:\/\/pleenglish.com\/wp-content\/uploads\/2025\/10\/Tracy-edited.png 780w, https:\/\/pleenglish.com\/wp-content\/uploads\/2025\/10\/Tracy-edited.png 360w\" sizes=\"auto, (max-width: 480px) 150px\" src=\"https:\/\/pleenglish.com\/wp-content\/uploads\/2025\/10\/Tracy-edited.png\" alt=\"tracy\" class=\"uag-image-1332\" width=\"368\" height=\"368\" title=\"tracy\" loading=\"lazy\" role=\"img\"\/><\/figure><\/div>\n\n\n\n<div class=\"wp-block-uagb-info-box uagb-block-q9uony8z uagb-infobox__content-wrap  uagb-infobox-icon-above-title uagb-infobox-image-valign-top wp-block-uagb-info-box--has-margin\"><div class=\"uagb-infobox-margin-wrapper\"><div class=\"uagb-ifb-content\"><div class=\"uagb-ifb-title-wrap\"><p class=\"uagb-ifb-title\">Tracy Correa<\/p><\/div><p class=\"uagb-ifb-desc\">Professeure d\u2019anglais et coordonnatrice de programme<\/p><\/div><\/div><\/div>\n<\/div>\n<\/div>\n\n\n\n<div class=\"wp-block-uagb-container uagb-block-qy889kqc alignfull uagb-is-root-container\">\n<div class=\"wp-block-uagb-container uagb-block-hn4upehk\">\n<div class=\"wp-block-uagb-info-box uagb-block-lyjeb8tu uagb-infobox__content-wrap  uagb-infobox-icon-above-title uagb-infobox-image-valign-top\"><div class=\"uagb-ifb-content\"><div class=\"uagb-ifb-title-wrap\"><h2 class=\"uagb-ifb-title\">Contactez-Nous<\/h2><\/div><p class=\"uagb-ifb-desc\">Comment pouvons-nous vous aider? Discutons-en!<\/p><div class=\"uagb-ifb-separator\"><\/div><\/div><\/div>\n\n\n\n<div class=\"wp-block-uagb-container uagb-block-kppnfwcz\">\n<div class=\"wp-block-uagb-container uagb-block-qpbfun0c\">\n<div class=\"wp-block-uagb-info-box uagb-block-oibkpoqm uagb-infobox__content-wrap  uagb-infobox-icon-left-title uagb-infobox-left uagb-infobox-image-valign-top\"><div class=\"uagb-ifb-content\"><div class=\"uagb-ifb-left-title-image\"><div class=\"uagb-ifb-icon-wrap\"><svg xmlns=\"https:\/\/www.w3.org\/2000\/svg\" viewbox=\"0 0 512 512\"><path d=\"M511.2 387l-23.25 100.8c-3.266 14.25-15.79 24.22-30.46 24.22C205.2 512 0 306.8 0 54.5c0-14.66 9.969-27.2 24.22-30.45l100.8-23.25C139.7-2.602 154.7 5.018 160.8 18.92l46.52 108.5c5.438 12.78 1.77 27.67-8.98 36.45L144.5 207.1c33.98 69.22 90.26 125.5 159.5 159.5l44.08-53.8c8.688-10.78 23.69-14.51 36.47-8.975l108.5 46.51C506.1 357.2 514.6 372.4 511.2 387z\"><\/path><\/svg><\/div><div class=\"uagb-ifb-title-wrap\"><p class=\"uagb-ifb-title\">T\u00e9l\u00e9phone<\/p><\/div><\/div><div class=\"uagb-ifb-button-wrapper wp-block-button\"><a href=\"tel:+15145551234\" class=\"uagb-infobox-cta-link wp-block-button__link\" target=\"_self\" rel=\"noopener noreferrer\" onclick=\"return true;\"><span class=\"uagb-inline-editing\">(514) 582-7449<\/span><\/a><\/div><\/div><\/div>\n<\/div>\n\n\n\n<div class=\"wp-block-uagb-container uagb-block-9yaeyryc\">\n<div class=\"wp-block-uagb-info-box uagb-block-7kodtat8 uagb-infobox__content-wrap  uagb-infobox-icon-left-title uagb-infobox-left uagb-infobox-image-valign-top\"><div class=\"uagb-ifb-content\"><div class=\"uagb-ifb-left-title-image\"><div class=\"uagb-ifb-icon-wrap\"><svg xmlns=\"https:\/\/www.w3.org\/2000\/svg\" viewbox=\"0 0 512 512\"><path d=\"M464 64C490.5 64 512 85.49 512 112C512 127.1 504.9 141.3 492.8 150.4L275.2 313.6C263.8 322.1 248.2 322.1 236.8 313.6L19.2 150.4C7.113 141.3 0 127.1 0 112C0 85.49 21.49 64 48 64H464zM217.6 339.2C240.4 356.3 271.6 356.3 294.4 339.2L512 176V384C512 419.3 483.3 448 448 448H64C28.65 448 0 419.3 0 384V176L217.6 339.2z\"><\/path><\/svg><\/div><div class=\"uagb-ifb-title-wrap\"><p class=\"uagb-ifb-title\">Email<\/p><\/div><\/div><div class=\"uagb-ifb-button-wrapper wp-block-button\"><a href=\"mailto:info@pleenglish.com\" class=\"uagb-infobox-cta-link wp-block-button__link\" target=\"_self\" rel=\"noopener noreferrer\" onclick=\"return true;\"><span class=\"uagb-inline-editing\">info@pleenglish.com<\/span><\/a><\/div><\/div><\/div>\n<\/div>\n<\/div>\n\n\n\n<div class=\"wp-block-uagb-container uagb-block-juafcemp\">\n<div class=\"wp-block-uagb-info-box uagb-block-im69f46g uagb-infobox__content-wrap  uagb-infobox-icon-above-title uagb-infobox-image-valign-top\"><div class=\"uagb-ifb-content\"><div class=\"uagb-ifb-title-wrap\"><p class=\"uagb-ifb-title\">Suivez-nous:<\/p><\/div><\/div><\/div>\n\n\n\n<div class=\"wp-block-uagb-icon-list uagb-block-gxg6xlao\"><div class=\"uagb-icon-list__wrap\">\n<div class=\"wp-block-uagb-icon-list-child uagb-block-rhug2tim\"><a target=\"_self\" aria-label=\"List item\" rel=\"noopener noreferrer\" href=\"#youtube\"> <\/a><span class=\"uagb-icon-list__source-wrap\"><svg xmlns=\"https:\/\/www.w3.org\/2000\/svg\" viewbox=\"0 0 448 512\"><path d=\"M416 32H31.9C14.3 32 0 46.5 0 64.3v383.4C0 465.5 14.3 480 31.9 480H416c17.6 0 32-14.5 32-32.3V64.3c0-17.8-14.4-32.3-32-32.3zM135.4 416H69V202.2h66.5V416zm-33.2-243c-21.3 0-38.5-17.3-38.5-38.5S80.9 96 102.2 96c21.2 0 38.5 17.3 38.5 38.5 0 21.3-17.2 38.5-38.5 38.5zm282.1 243h-66.4V312c0-24.8-.5-56.7-34.5-56.7-34.6 0-39.9 27-39.9 54.9V416h-66.4V202.2h63.7v29.2h.9c8.9-16.8 30.6-34.5 62.9-34.5 67.2 0 79.7 44.3 79.7 101.9V416z\"><\/path><\/svg><\/span><\/div>\n\n\n\n<div class=\"wp-block-uagb-icon-list-child uagb-block-e281e13b\"><a target=\"_self\" aria-label=\"List item\" rel=\"noopener noreferrer\" href=\"https:\/\/www.facebook.com\/people\/PLE\/100063624847629\/\"> <\/a><span class=\"uagb-icon-list__source-wrap\"><svg xmlns=\"https:\/\/www.w3.org\/2000\/svg\" viewbox=\"0 0 512 512\"><path d=\"M504 256C504 119 393 8 256 8S8 119 8 256c0 123.8 90.69 226.4 209.3 245V327.7h-63V256h63v-54.64c0-62.15 37-96.48 93.67-96.48 27.14 0 55.52 4.84 55.52 4.84v61h-31.28c-30.8 0-40.41 19.12-40.41 38.73V256h68.78l-11 71.69h-57.78V501C413.3 482.4 504 379.8 504 256z\"><\/path><\/svg><\/span><\/div>\n\n\n\n<div class=\"wp-block-uagb-icon-list-child uagb-block-3d545c70\"><a target=\"_self\" aria-label=\"List item\" rel=\"noopener noreferrer\" href=\"https:\/\/www.instagram.com\/ple_english\/\"> <\/a><span class=\"uagb-icon-list__source-wrap\"><svg xmlns=\"https:\/\/www.w3.org\/2000\/svg\" viewbox=\"0 0 448 512\"><path d=\"M224.1 141c-63.6 0-114.9 51.3-114.9 114.9s51.3 114.9 114.9 114.9S339 319.5 339 255.9 287.7 141 224.1 141zm0 189.6c-41.1 0-74.7-33.5-74.7-74.7s33.5-74.7 74.7-74.7 74.7 33.5 74.7 74.7-33.6 74.7-74.7 74.7zm146.4-194.3c0 14.9-12 26.8-26.8 26.8-14.9 0-26.8-12-26.8-26.8s12-26.8 26.8-26.8 26.8 12 26.8 26.8zm76.1 27.2c-1.7-35.9-9.9-67.7-36.2-93.9-26.2-26.2-58-34.4-93.9-36.2-37-2.1-147.9-2.1-184.9 0-35.8 1.7-67.6 9.9-93.9 36.1s-34.4 58-36.2 93.9c-2.1 37-2.1 147.9 0 184.9 1.7 35.9 9.9 67.7 36.2 93.9s58 34.4 93.9 36.2c37 2.1 147.9 2.1 184.9 0 35.9-1.7 67.7-9.9 93.9-36.2 26.2-26.2 34.4-58 36.2-93.9 2.1-37 2.1-147.8 0-184.8zM398.8 388c-7.8 19.6-22.9 34.7-42.6 42.6-29.5 11.7-99.5 9-132.1 9s-102.7 2.6-132.1-9c-19.6-7.8-34.7-22.9-42.6-42.6-11.7-29.5-9-99.5-9-132.1s-2.6-102.7 9-132.1c7.8-19.6 22.9-34.7 42.6-42.6 29.5-11.7 99.5-9 132.1-9s102.7-2.6 132.1 9c19.6 7.8 34.7 22.9 42.6 42.6 11.7 29.5 9 99.5 9 132.1s2.7 102.7-9 132.1z\"><\/path><\/svg><\/span><\/div>\n<\/div><\/div>\n<\/div>\n<\/div>\n<\/div>\n<\/div><\/div>","protected":false},"excerpt":{"rendered":"<p>Who We Are&#8230; We are a&nbsp;boutique language institute&nbsp;with heart and purpose. Founded in 2014 by Julie Suk, PLE was created [&hellip;]<\/p>","protected":false},"author":1,"featured_media":0,"parent":0,"menu_order":0,"comment_status":"closed","ping_status":"closed","template":"","meta":{"_uag_custom_page_level_css":"","site-sidebar-layout":"default","site-content-layout":"","ast-site-content-layout":"","site-content-style":"default","site-sidebar-style":"default","ast-global-header-display":"","ast-banner-title-visibility":"","ast-main-header-display":"","ast-hfb-above-header-display":"","ast-hfb-below-header-display":"","ast-hfb-mobile-header-display":"","site-post-title":"disabled","ast-breadcrumbs-content":"","ast-featured-img":"","footer-sml-layout":"","theme-transparent-header-meta":"","adv-header-id-meta":"","stick-header-meta":"","header-above-stick-meta":"","header-main-stick-meta":"","header-below-stick-meta":"","astra-migrate-meta-layouts":"default","ast-page-background-enabled":"default","ast-page-background-meta":{"desktop":{"background-color":"var(--ast-global-color-4)","background-image":"","background-repeat":"repeat","background-position":"center center","background-size":"auto","background-attachment":"scroll","background-type":"","background-media":"","overlay-type":"","overlay-color":"","overlay-opacity":"","overlay-gradient":""},"tablet":{"background-color":"","background-image":"","background-repeat":"repeat","background-position":"center center","background-size":"auto","background-attachment":"scroll","background-type":"","background-media":"","overlay-type":"","overlay-color":"","overlay-opacity":"","overlay-gradient":""},"mobile":{"background-color":"","background-image":"","background-repeat":"repeat","background-position":"center center","background-size":"auto","background-attachment":"scroll","background-type":"","background-media":"","overlay-type":"","overlay-color":"","overlay-opacity":"","overlay-gradient":""}},"ast-content-background-meta":{"desktop":{"background-color":"var(--ast-global-color-5)","background-image":"","background-repeat":"repeat","background-position":"center center","background-size":"auto","background-attachment":"scroll","background-type":"","background-media":"","overlay-type":"","overlay-color":"","overlay-opacity":"","overlay-gradient":""},"tablet":{"background-color":"var(--ast-global-color-5)","background-image":"","background-repeat":"repeat","background-position":"center center","background-size":"auto","background-attachment":"scroll","background-type":"","background-media":"","overlay-type":"","overlay-color":"","overlay-opacity":"","overlay-gradient":""},"mobile":{"background-color":"var(--ast-global-color-5)","background-image":"","background-repeat":"repeat","background-position":"center center","background-size":"auto","background-attachment":"scroll","background-type":"","background-media":"","overlay-type":"","overlay-color":"","overlay-opacity":"","overlay-gradient":""}},"footnotes":""},"class_list":["post-283","page","type-page","status-publish","hentry"],"uagb_featured_image_src":{"full":false,"thumbnail":false,"medium":false,"medium_large":false,"large":false,"1536x1536":false,"2048x2048":false,"trp-custom-language-flag":false},"uagb_author_info":{"display_name":"Julie Suk","author_link":"https:\/\/pleenglish.com\/fr\/author\/pleenglish\/"},"uagb_comment_info":0,"uagb_excerpt":"Who We Are&#8230; We are a&nbsp;boutique language institute&nbsp;with heart and purpose. Founded in 2014 by Julie Suk, PLE was created [&hellip;]","_links":{"self":[{"href":"https:\/\/pleenglish.com\/fr\/wp-json\/wp\/v2\/pages\/283","targetHints":{"allow":["GET"]}}],"collection":[{"href":"https:\/\/pleenglish.com\/fr\/wp-json\/wp\/v2\/pages"}],"about":[{"href":"https:\/\/pleenglish.com\/fr\/wp-json\/wp\/v2\/types\/page"}],"author":[{"embeddable":true,"href":"https:\/\/pleenglish.com\/fr\/wp-json\/wp\/v2\/users\/1"}],"replies":[{"embeddable":true,"href":"https:\/\/pleenglish.com\/fr\/wp-json\/wp\/v2\/comments?post=283"}],"version-history":[{"count":45,"href":"https:\/\/pleenglish.com\/fr\/wp-json\/wp\/v2\/pages\/283\/revisions"}],"predecessor-version":[{"id":1676,"href":"https:\/\/pleenglish.com\/fr\/wp-json\/wp\/v2\/pages\/283\/revisions\/1676"}],"wp:attachment":[{"href":"https:\/\/pleenglish.com\/fr\/wp-json\/wp\/v2\/media?parent=283"}],"curies":[{"name":"wp","href":"https:\/\/api.w.org\/{rel}","templated":true}]}}